{"id":55,"date":"2023-01-11T09:51:38","date_gmt":"2023-01-11T08:51:38","guid":{"rendered":"https:\/\/przybecki.pl\/przybecki\/?page_id=55"},"modified":"2026-01-26T11:52:58","modified_gmt":"2026-01-26T10:52:58","slug":"kancelaria","status":"publish","type":"page","link":"https:\/\/przybecki.pl\/pl\/kancelaria\/","title":{"rendered":"Kancelaria"},"content":{"rendered":"","protected":false},"excerpt":{"rendered":"<p> [&#8230;]<\/p>\n<p><a class=\"btn btn-secondary understrap-read-more-link\" href=\"https:\/\/przybecki.pl\/pl\/kancelaria\/\">Czytaj dalej\u2026<span class=\"screen-reader-text\"> from Kancelaria<\/span><\/a><\/p>\n","protected":false},"author":1,"featured_media":0,"parent":0,"menu_order":0,"comment_status":"closed","ping_status":"closed","template":"about-template.php","meta":{"_acf_changed":false,"footnotes":""},"class_list":["post-55","page","type-page","status-publish","hentry"],"acf":[],"yoast_head":"<!-- This site is optimized with the Yoast SEO plugin v26.7 - https:\/\/yoast.com\/wordpress\/plugins\/seo\/ -->\n<title>Kancelaria prawna Pozna\u0144 - Przybecki &amp; Partners<\/title>\n<meta name=\"robots\" content=\"index, follow, max-snippet:-1, max-image-preview:large, max-video-preview:-1\" \/>\n<link rel=\"canonical\" href=\"https:\/\/przybecki.pl\/pl\/kancelaria\/\" \/>\n<meta property=\"og:locale\" content=\"pl_PL\" \/>\n<meta property=\"og:type\" content=\"article\" \/>\n<meta property=\"og:title\" content=\"Kancelaria prawna Pozna\u0144 - Przybecki &amp; Partners\" \/>\n<meta property=\"og:description\" content=\"[...]Czytaj dalej\u2026 from Kancelaria\" \/>\n<meta property=\"og:url\" content=\"https:\/\/przybecki.pl\/pl\/kancelaria\/\" \/>\n<meta property=\"og:site_name\" content=\"Sp\u00f3\u0142ka partnerska adwokat\u00f3w i radc\u00f3w prawnych\" \/>\n<meta property=\"article:modified_time\" content=\"2026-01-26T10:52:58+00:00\" \/>\n<meta name=\"twitter:card\" content=\"summary_large_image\" \/>\n<script type=\"application\/ld+json\" class=\"yoast-schema-graph\">{\"@context\":\"https:\/\/schema.org\",\"@graph\":[{\"@type\":\"WebPage\",\"@id\":\"https:\/\/przybecki.pl\/pl\/kancelaria\/\",\"url\":\"https:\/\/przybecki.pl\/pl\/kancelaria\/\",\"name\":\"Kancelaria prawna Pozna\u0144 - Przybecki & Partners\",\"isPartOf\":{\"@id\":\"https:\/\/przybecki.pl\/pl\/#website\"},\"datePublished\":\"2023-01-11T08:51:38+00:00\",\"dateModified\":\"2026-01-26T10:52:58+00:00\",\"breadcrumb\":{\"@id\":\"https:\/\/przybecki.pl\/pl\/kancelaria\/#breadcrumb\"},\"inLanguage\":\"pl-PL\",\"potentialAction\":[{\"@type\":\"ReadAction\",\"target\":[\"https:\/\/przybecki.pl\/pl\/kancelaria\/\"]}]},{\"@type\":\"BreadcrumbList\",\"@id\":\"https:\/\/przybecki.pl\/pl\/kancelaria\/#breadcrumb\",\"itemListElement\":[{\"@type\":\"ListItem\",\"position\":1,\"name\":\"Strona g\u0142\u00f3wna\",\"item\":\"https:\/\/przybecki.pl\/pl\/\"},{\"@type\":\"ListItem\",\"position\":2,\"name\":\"Kancelaria\"}]},{\"@type\":\"WebSite\",\"@id\":\"https:\/\/przybecki.pl\/pl\/#website\",\"url\":\"https:\/\/przybecki.pl\/pl\/\",\"name\":\"Przybecki & Partners Pozna\u0144\",\"description\":\"\",\"publisher\":{\"@id\":\"https:\/\/przybecki.pl\/pl\/#organization\"},\"alternateName\":\"Przybecki & Partners Pozna\u0144\",\"potentialAction\":[{\"@type\":\"SearchAction\",\"target\":{\"@type\":\"EntryPoint\",\"urlTemplate\":\"https:\/\/przybecki.pl\/pl\/?s={search_term_string}\"},\"query-input\":{\"@type\":\"PropertyValueSpecification\",\"valueRequired\":true,\"valueName\":\"search_term_string\"}}],\"inLanguage\":\"pl-PL\"},{\"@type\":\"Organization\",\"@id\":\"https:\/\/przybecki.pl\/pl\/#organization\",\"name\":\"Przybecki & Partners Pozna\u0144\",\"url\":\"https:\/\/przybecki.pl\/pl\/\",\"logo\":{\"@type\":\"ImageObject\",\"inLanguage\":\"pl-PL\",\"@id\":\"https:\/\/przybecki.pl\/pl\/#\/schema\/logo\/image\/\",\"url\":\"https:\/\/przybecki.pl\/wp-content\/uploads\/2023\/01\/przybecki-and-partners.svg\",\"contentUrl\":\"https:\/\/przybecki.pl\/wp-content\/uploads\/2023\/01\/przybecki-and-partners.svg\",\"caption\":\"Przybecki & Partners Pozna\u0144\"},\"image\":{\"@id\":\"https:\/\/przybecki.pl\/pl\/#\/schema\/logo\/image\/\"}}]}<\/script>\n<!-- \/ Yoast SEO plugin. -->","yoast_head_json":{"title":"Kancelaria prawna Pozna\u0144 - Przybecki & Partners","robots":{"index":"index","follow":"follow","max-snippet":"max-snippet:-1","max-image-preview":"max-image-preview:large","max-video-preview":"max-video-preview:-1"},"canonical":"https:\/\/przybecki.pl\/pl\/kancelaria\/","og_locale":"pl_PL","og_type":"article","og_title":"Kancelaria prawna Pozna\u0144 - Przybecki & Partners","og_description":"[...]Czytaj dalej\u2026 from Kancelaria","og_url":"https:\/\/przybecki.pl\/pl\/kancelaria\/","og_site_name":"Sp\u00f3\u0142ka partnerska adwokat\u00f3w i radc\u00f3w prawnych","article_modified_time":"2026-01-26T10:52:58+00:00","twitter_card":"summary_large_image","schema":{"@context":"https:\/\/schema.org","@graph":[{"@type":"WebPage","@id":"https:\/\/przybecki.pl\/pl\/kancelaria\/","url":"https:\/\/przybecki.pl\/pl\/kancelaria\/","name":"Kancelaria prawna Pozna\u0144 - Przybecki & Partners","isPartOf":{"@id":"https:\/\/przybecki.pl\/pl\/#website"},"datePublished":"2023-01-11T08:51:38+00:00","dateModified":"2026-01-26T10:52:58+00:00","breadcrumb":{"@id":"https:\/\/przybecki.pl\/pl\/kancelaria\/#breadcrumb"},"inLanguage":"pl-PL","potentialAction":[{"@type":"ReadAction","target":["https:\/\/przybecki.pl\/pl\/kancelaria\/"]}]},{"@type":"BreadcrumbList","@id":"https:\/\/przybecki.pl\/pl\/kancelaria\/#breadcrumb","itemListElement":[{"@type":"ListItem","position":1,"name":"Strona g\u0142\u00f3wna","item":"https:\/\/przybecki.pl\/pl\/"},{"@type":"ListItem","position":2,"name":"Kancelaria"}]},{"@type":"WebSite","@id":"https:\/\/przybecki.pl\/pl\/#website","url":"https:\/\/przybecki.pl\/pl\/","name":"Przybecki & Partners Pozna\u0144","description":"","publisher":{"@id":"https:\/\/przybecki.pl\/pl\/#organization"},"alternateName":"Przybecki & Partners Pozna\u0144","potentialAction":[{"@type":"SearchAction","target":{"@type":"EntryPoint","urlTemplate":"https:\/\/przybecki.pl\/pl\/?s={search_term_string}"},"query-input":{"@type":"PropertyValueSpecification","valueRequired":true,"valueName":"search_term_string"}}],"inLanguage":"pl-PL"},{"@type":"Organization","@id":"https:\/\/przybecki.pl\/pl\/#organization","name":"Przybecki & Partners Pozna\u0144","url":"https:\/\/przybecki.pl\/pl\/","logo":{"@type":"ImageObject","inLanguage":"pl-PL","@id":"https:\/\/przybecki.pl\/pl\/#\/schema\/logo\/image\/","url":"https:\/\/przybecki.pl\/wp-content\/uploads\/2023\/01\/przybecki-and-partners.svg","contentUrl":"https:\/\/przybecki.pl\/wp-content\/uploads\/2023\/01\/przybecki-and-partners.svg","caption":"Przybecki & Partners Pozna\u0144"},"image":{"@id":"https:\/\/przybecki.pl\/pl\/#\/schema\/logo\/image\/"}}]}},"_links":{"self":[{"href":"https:\/\/przybecki.pl\/pl\/wp-json\/wp\/v2\/pages\/55","targetHints":{"allow":["GET"]}}],"collection":[{"href":"https:\/\/przybecki.pl\/pl\/wp-json\/wp\/v2\/pages"}],"about":[{"href":"https:\/\/przybecki.pl\/pl\/wp-json\/wp\/v2\/types\/page"}],"author":[{"embeddable":true,"href":"https:\/\/przybecki.pl\/pl\/wp-json\/wp\/v2\/users\/1"}],"replies":[{"embeddable":true,"href":"https:\/\/przybecki.pl\/pl\/wp-json\/wp\/v2\/comments?post=55"}],"version-history":[{"count":81,"href":"https:\/\/przybecki.pl\/pl\/wp-json\/wp\/v2\/pages\/55\/revisions"}],"predecessor-version":[{"id":3467,"href":"https:\/\/przybecki.pl\/pl\/wp-json\/wp\/v2\/pages\/55\/revisions\/3467"}],"wp:attachment":[{"href":"https:\/\/przybecki.pl\/pl\/wp-json\/wp\/v2\/media?parent=55"}],"curies":[{"name":"wp","href":"https:\/\/api.w.org\/{rel}","templated":true}]}}