{"id":3325,"date":"2025-10-28T22:26:19","date_gmt":"2025-10-28T21:26:19","guid":{"rendered":"https:\/\/przybecki.pl\/?page_id=3325"},"modified":"2026-03-11T08:33:59","modified_gmt":"2026-03-11T07:33:59","slug":"cookies","status":"publish","type":"page","link":"https:\/\/przybecki.pl\/pl\/cookies\/","title":{"rendered":"Cookies"},"content":{"rendered":"\n<p>Lorem ipsum dolor sit amet, consectetur adipiscing elit, sed do eiusmod tempor incididunt ut labore et dolore magna aliqua. Ut enim ad minim veniam, quis nostrud exercitation ullamco laboris nisi ut aliquip ex ea commodo consequat.<\/p>\n","protected":false},"excerpt":{"rendered":"<p>Lorem ipsum dolor sit amet, consectetur adipiscing elit, sed do eiusmod tempor incididunt ut labore et dolore magna aliqua. Ut enim ad minim veniam, quis nostrud exercitation ullamco laboris nisi ut aliquip ex ea commodo consequat. [&#8230;]<\/p>\n<p><a class=\"btn btn-secondary understrap-read-more-link\" href=\"https:\/\/przybecki.pl\/pl\/cookies\/\">Czytaj dalej\u2026<span class=\"screen-reader-text\"> from Cookies<\/span><\/a><\/p>\n","protected":false},"author":1,"featured_media":0,"parent":0,"menu_order":0,"comment_status":"closed","ping_status":"closed","template":"privacy-template.php","meta":{"_acf_changed":false,"footnotes":""},"class_list":["post-3325","page","type-page","status-publish","hentry"],"acf":[],"yoast_head":"<!-- This site is optimized with the Yoast SEO plugin v26.7 - https:\/\/yoast.com\/wordpress\/plugins\/seo\/ -->\n<title>Cookies - Przybecki &amp; Partners<\/title>\n<meta name=\"robots\" content=\"noindex, follow\" \/>\n<meta property=\"og:locale\" content=\"pl_PL\" \/>\n<meta property=\"og:type\" content=\"article\" \/>\n<meta property=\"og:title\" content=\"Cookies - Przybecki &amp; Partners\" \/>\n<meta property=\"og:description\" content=\"Lorem ipsum dolor sit amet, consectetur adipiscing elit, sed do eiusmod tempor incididunt ut labore et dolore magna aliqua. Ut enim ad minim veniam, quis nostrud exercitation ullamco laboris nisi ut aliquip ex ea commodo consequat. [...]Czytaj dalej\u2026 from Cookies\" \/>\n<meta property=\"og:url\" content=\"https:\/\/przybecki.pl\/pl\/cookies\/\" \/>\n<meta property=\"og:site_name\" content=\"Sp\u00f3\u0142ka partnerska adwokat\u00f3w i radc\u00f3w prawnych\" \/>\n<meta property=\"article:modified_time\" content=\"2026-03-11T07:33:59+00:00\" \/>\n<meta name=\"twitter:card\" content=\"summary_large_image\" \/>\n<meta name=\"twitter:label1\" content=\"Szacowany czas czytania\" \/>\n\t<meta name=\"twitter:data1\" content=\"1 minuta\" \/>\n<script type=\"application\/ld+json\" class=\"yoast-schema-graph\">{\"@context\":\"https:\/\/schema.org\",\"@graph\":[{\"@type\":\"WebPage\",\"@id\":\"https:\/\/przybecki.pl\/pl\/cookies\/\",\"url\":\"https:\/\/przybecki.pl\/pl\/cookies\/\",\"name\":\"Cookies - Przybecki & Partners\",\"isPartOf\":{\"@id\":\"https:\/\/przybecki.pl\/pl\/#website\"},\"datePublished\":\"2025-10-28T21:26:19+00:00\",\"dateModified\":\"2026-03-11T07:33:59+00:00\",\"breadcrumb\":{\"@id\":\"https:\/\/przybecki.pl\/pl\/cookies\/#breadcrumb\"},\"inLanguage\":\"pl-PL\",\"potentialAction\":[{\"@type\":\"ReadAction\",\"target\":[\"https:\/\/przybecki.pl\/pl\/cookies\/\"]}]},{\"@type\":\"BreadcrumbList\",\"@id\":\"https:\/\/przybecki.pl\/pl\/cookies\/#breadcrumb\",\"itemListElement\":[{\"@type\":\"ListItem\",\"position\":1,\"name\":\"Strona g\u0142\u00f3wna\",\"item\":\"https:\/\/przybecki.pl\/pl\/\"},{\"@type\":\"ListItem\",\"position\":2,\"name\":\"Cookies\"}]},{\"@type\":\"WebSite\",\"@id\":\"https:\/\/przybecki.pl\/pl\/#website\",\"url\":\"https:\/\/przybecki.pl\/pl\/\",\"name\":\"Przybecki & Partners Pozna\u0144\",\"description\":\"\",\"publisher\":{\"@id\":\"https:\/\/przybecki.pl\/pl\/#organization\"},\"alternateName\":\"Przybecki & Partners Pozna\u0144\",\"potentialAction\":[{\"@type\":\"SearchAction\",\"target\":{\"@type\":\"EntryPoint\",\"urlTemplate\":\"https:\/\/przybecki.pl\/pl\/?s={search_term_string}\"},\"query-input\":{\"@type\":\"PropertyValueSpecification\",\"valueRequired\":true,\"valueName\":\"search_term_string\"}}],\"inLanguage\":\"pl-PL\"},{\"@type\":\"Organization\",\"@id\":\"https:\/\/przybecki.pl\/pl\/#organization\",\"name\":\"Przybecki & Partners Pozna\u0144\",\"url\":\"https:\/\/przybecki.pl\/pl\/\",\"logo\":{\"@type\":\"ImageObject\",\"inLanguage\":\"pl-PL\",\"@id\":\"https:\/\/przybecki.pl\/pl\/#\/schema\/logo\/image\/\",\"url\":\"https:\/\/przybecki.pl\/wp-content\/uploads\/2023\/01\/przybecki-and-partners.svg\",\"contentUrl\":\"https:\/\/przybecki.pl\/wp-content\/uploads\/2023\/01\/przybecki-and-partners.svg\",\"caption\":\"Przybecki & Partners Pozna\u0144\"},\"image\":{\"@id\":\"https:\/\/przybecki.pl\/pl\/#\/schema\/logo\/image\/\"}}]}<\/script>\n<!-- \/ Yoast SEO plugin. -->","yoast_head_json":{"title":"Cookies - Przybecki & Partners","robots":{"index":"noindex","follow":"follow"},"og_locale":"pl_PL","og_type":"article","og_title":"Cookies - Przybecki & Partners","og_description":"Lorem ipsum dolor sit amet, consectetur adipiscing elit, sed do eiusmod tempor incididunt ut labore et dolore magna aliqua. Ut enim ad minim veniam, quis nostrud exercitation ullamco laboris nisi ut aliquip ex ea commodo consequat. [...]Czytaj dalej\u2026 from Cookies","og_url":"https:\/\/przybecki.pl\/pl\/cookies\/","og_site_name":"Sp\u00f3\u0142ka partnerska adwokat\u00f3w i radc\u00f3w prawnych","article_modified_time":"2026-03-11T07:33:59+00:00","twitter_card":"summary_large_image","twitter_misc":{"Szacowany czas czytania":"1 minuta"},"schema":{"@context":"https:\/\/schema.org","@graph":[{"@type":"WebPage","@id":"https:\/\/przybecki.pl\/pl\/cookies\/","url":"https:\/\/przybecki.pl\/pl\/cookies\/","name":"Cookies - Przybecki & Partners","isPartOf":{"@id":"https:\/\/przybecki.pl\/pl\/#website"},"datePublished":"2025-10-28T21:26:19+00:00","dateModified":"2026-03-11T07:33:59+00:00","breadcrumb":{"@id":"https:\/\/przybecki.pl\/pl\/cookies\/#breadcrumb"},"inLanguage":"pl-PL","potentialAction":[{"@type":"ReadAction","target":["https:\/\/przybecki.pl\/pl\/cookies\/"]}]},{"@type":"BreadcrumbList","@id":"https:\/\/przybecki.pl\/pl\/cookies\/#breadcrumb","itemListElement":[{"@type":"ListItem","position":1,"name":"Strona g\u0142\u00f3wna","item":"https:\/\/przybecki.pl\/pl\/"},{"@type":"ListItem","position":2,"name":"Cookies"}]},{"@type":"WebSite","@id":"https:\/\/przybecki.pl\/pl\/#website","url":"https:\/\/przybecki.pl\/pl\/","name":"Przybecki & Partners Pozna\u0144","description":"","publisher":{"@id":"https:\/\/przybecki.pl\/pl\/#organization"},"alternateName":"Przybecki & Partners Pozna\u0144","potentialAction":[{"@type":"SearchAction","target":{"@type":"EntryPoint","urlTemplate":"https:\/\/przybecki.pl\/pl\/?s={search_term_string}"},"query-input":{"@type":"PropertyValueSpecification","valueRequired":true,"valueName":"search_term_string"}}],"inLanguage":"pl-PL"},{"@type":"Organization","@id":"https:\/\/przybecki.pl\/pl\/#organization","name":"Przybecki & Partners Pozna\u0144","url":"https:\/\/przybecki.pl\/pl\/","logo":{"@type":"ImageObject","inLanguage":"pl-PL","@id":"https:\/\/przybecki.pl\/pl\/#\/schema\/logo\/image\/","url":"https:\/\/przybecki.pl\/wp-content\/uploads\/2023\/01\/przybecki-and-partners.svg","contentUrl":"https:\/\/przybecki.pl\/wp-content\/uploads\/2023\/01\/przybecki-and-partners.svg","caption":"Przybecki & Partners Pozna\u0144"},"image":{"@id":"https:\/\/przybecki.pl\/pl\/#\/schema\/logo\/image\/"}}]}},"_links":{"self":[{"href":"https:\/\/przybecki.pl\/pl\/wp-json\/wp\/v2\/pages\/3325","targetHints":{"allow":["GET"]}}],"collection":[{"href":"https:\/\/przybecki.pl\/pl\/wp-json\/wp\/v2\/pages"}],"about":[{"href":"https:\/\/przybecki.pl\/pl\/wp-json\/wp\/v2\/types\/page"}],"author":[{"embeddable":true,"href":"https:\/\/przybecki.pl\/pl\/wp-json\/wp\/v2\/users\/1"}],"replies":[{"embeddable":true,"href":"https:\/\/przybecki.pl\/pl\/wp-json\/wp\/v2\/comments?post=3325"}],"version-history":[{"count":4,"href":"https:\/\/przybecki.pl\/pl\/wp-json\/wp\/v2\/pages\/3325\/revisions"}],"predecessor-version":[{"id":3524,"href":"https:\/\/przybecki.pl\/pl\/wp-json\/wp\/v2\/pages\/3325\/revisions\/3524"}],"wp:attachment":[{"href":"https:\/\/przybecki.pl\/pl\/wp-json\/wp\/v2\/media?parent=3325"}],"curies":[{"name":"wp","href":"https:\/\/api.w.org\/{rel}","templated":true}]}}