{"id":3374,"date":"2025-11-17T14:28:01","date_gmt":"2025-11-17T13:28:01","guid":{"rendered":"https:\/\/przybecki.pl\/privacy-policy\/"},"modified":"2026-01-17T18:41:54","modified_gmt":"2026-01-17T17:41:54","slug":"privacy-policy","status":"publish","type":"page","link":"https:\/\/przybecki.pl\/en\/privacy-policy\/","title":{"rendered":"Privacy policy"},"content":{"rendered":"\n<p>To ensure compliance with Data protection regulations and fulfill our obligation to provide information, we are providing details regarding the processing of Personal Data by the law firm Przybecki &amp; Partners sp\u00f3\u0142ka komandytowa, located in Pozna\u0144.<\/p>\n\n<p><\/p>\n","protected":false},"excerpt":{"rendered":"<p>To ensure compliance with Data protection regulations and fulfill our obligation to provide information, we are providing details regarding the processing of Personal Data by the law firm Przybecki &amp; Partners sp\u00f3\u0142ka komandytowa, located in Pozna\u0144. [&#8230;]<\/p>\n<p><a class=\"btn btn-secondary understrap-read-more-link\" href=\"https:\/\/przybecki.pl\/en\/privacy-policy\/\">Read More&#8230;<span class=\"screen-reader-text\"> from Privacy policy<\/span><\/a><\/p>\n","protected":false},"author":1,"featured_media":0,"parent":0,"menu_order":0,"comment_status":"closed","ping_status":"closed","template":"privacy-template.php","meta":{"_acf_changed":false,"footnotes":""},"class_list":["post-3374","page","type-page","status-publish","hentry"],"acf":[],"yoast_head":"<!-- This site is optimized with the Yoast SEO plugin v26.7 - https:\/\/yoast.com\/wordpress\/plugins\/seo\/ -->\n<title>Privacy policy - Przybecki &amp; Partners<\/title>\n<meta name=\"robots\" content=\"noindex, follow\" \/>\n<meta property=\"og:locale\" content=\"en_US\" \/>\n<meta property=\"og:type\" content=\"article\" \/>\n<meta property=\"og:title\" content=\"Privacy policy - Przybecki &amp; Partners\" \/>\n<meta property=\"og:description\" content=\"To ensure compliance with Data protection regulations and fulfill our obligation to provide information, we are providing details regarding the processing of Personal Data by the law firm Przybecki &amp; Partners sp\u00f3\u0142ka komandytowa, located in Pozna\u0144. [...]Read More... from Privacy policy\" \/>\n<meta property=\"og:url\" content=\"https:\/\/przybecki.pl\/en\/privacy-policy\/\" \/>\n<meta property=\"og:site_name\" content=\"Sp\u00f3\u0142ka partnerska adwokat\u00f3w i radc\u00f3w prawnych\" \/>\n<meta property=\"article:modified_time\" content=\"2026-01-17T17:41:54+00:00\" \/>\n<meta name=\"twitter:card\" content=\"summary_large_image\" \/>\n<meta name=\"twitter:label1\" content=\"Est. reading time\" \/>\n\t<meta name=\"twitter:data1\" content=\"1 minute\" \/>\n<script type=\"application\/ld+json\" class=\"yoast-schema-graph\">{\"@context\":\"https:\/\/schema.org\",\"@graph\":[{\"@type\":\"WebPage\",\"@id\":\"https:\/\/przybecki.pl\/en\/privacy-policy\/\",\"url\":\"https:\/\/przybecki.pl\/en\/privacy-policy\/\",\"name\":\"Privacy policy - Przybecki & Partners\",\"isPartOf\":{\"@id\":\"https:\/\/przybecki.pl\/pl\/#website\"},\"datePublished\":\"2025-11-17T13:28:01+00:00\",\"dateModified\":\"2026-01-17T17:41:54+00:00\",\"breadcrumb\":{\"@id\":\"https:\/\/przybecki.pl\/en\/privacy-policy\/#breadcrumb\"},\"inLanguage\":\"en-US\",\"potentialAction\":[{\"@type\":\"ReadAction\",\"target\":[\"https:\/\/przybecki.pl\/en\/privacy-policy\/\"]}]},{\"@type\":\"BreadcrumbList\",\"@id\":\"https:\/\/przybecki.pl\/en\/privacy-policy\/#breadcrumb\",\"itemListElement\":[{\"@type\":\"ListItem\",\"position\":1,\"name\":\"Strona g\u0142\u00f3wna\",\"item\":\"https:\/\/przybecki.pl\/en\/\"},{\"@type\":\"ListItem\",\"position\":2,\"name\":\"Privacy policy\"}]},{\"@type\":\"WebSite\",\"@id\":\"https:\/\/przybecki.pl\/pl\/#website\",\"url\":\"https:\/\/przybecki.pl\/pl\/\",\"name\":\"Przybecki & Partners Pozna\u0144\",\"description\":\"\",\"publisher\":{\"@id\":\"https:\/\/przybecki.pl\/pl\/#organization\"},\"alternateName\":\"Przybecki & Partners Pozna\u0144\",\"potentialAction\":[{\"@type\":\"SearchAction\",\"target\":{\"@type\":\"EntryPoint\",\"urlTemplate\":\"https:\/\/przybecki.pl\/pl\/?s={search_term_string}\"},\"query-input\":{\"@type\":\"PropertyValueSpecification\",\"valueRequired\":true,\"valueName\":\"search_term_string\"}}],\"inLanguage\":\"en-US\"},{\"@type\":\"Organization\",\"@id\":\"https:\/\/przybecki.pl\/pl\/#organization\",\"name\":\"Przybecki & Partners Pozna\u0144\",\"url\":\"https:\/\/przybecki.pl\/pl\/\",\"logo\":{\"@type\":\"ImageObject\",\"inLanguage\":\"en-US\",\"@id\":\"https:\/\/przybecki.pl\/pl\/#\/schema\/logo\/image\/\",\"url\":\"https:\/\/przybecki.pl\/wp-content\/uploads\/2023\/01\/przybecki-and-partners.svg\",\"contentUrl\":\"https:\/\/przybecki.pl\/wp-content\/uploads\/2023\/01\/przybecki-and-partners.svg\",\"caption\":\"Przybecki & Partners Pozna\u0144\"},\"image\":{\"@id\":\"https:\/\/przybecki.pl\/pl\/#\/schema\/logo\/image\/\"}}]}<\/script>\n<!-- \/ Yoast SEO plugin. -->","yoast_head_json":{"title":"Privacy policy - Przybecki & Partners","robots":{"index":"noindex","follow":"follow"},"og_locale":"en_US","og_type":"article","og_title":"Privacy policy - Przybecki & Partners","og_description":"To ensure compliance with Data protection regulations and fulfill our obligation to provide information, we are providing details regarding the processing of Personal Data by the law firm Przybecki &amp; Partners sp\u00f3\u0142ka komandytowa, located in Pozna\u0144. [...]Read More... from Privacy policy","og_url":"https:\/\/przybecki.pl\/en\/privacy-policy\/","og_site_name":"Sp\u00f3\u0142ka partnerska adwokat\u00f3w i radc\u00f3w prawnych","article_modified_time":"2026-01-17T17:41:54+00:00","twitter_card":"summary_large_image","twitter_misc":{"Est. reading time":"1 minute"},"schema":{"@context":"https:\/\/schema.org","@graph":[{"@type":"WebPage","@id":"https:\/\/przybecki.pl\/en\/privacy-policy\/","url":"https:\/\/przybecki.pl\/en\/privacy-policy\/","name":"Privacy policy - Przybecki & Partners","isPartOf":{"@id":"https:\/\/przybecki.pl\/pl\/#website"},"datePublished":"2025-11-17T13:28:01+00:00","dateModified":"2026-01-17T17:41:54+00:00","breadcrumb":{"@id":"https:\/\/przybecki.pl\/en\/privacy-policy\/#breadcrumb"},"inLanguage":"en-US","potentialAction":[{"@type":"ReadAction","target":["https:\/\/przybecki.pl\/en\/privacy-policy\/"]}]},{"@type":"BreadcrumbList","@id":"https:\/\/przybecki.pl\/en\/privacy-policy\/#breadcrumb","itemListElement":[{"@type":"ListItem","position":1,"name":"Strona g\u0142\u00f3wna","item":"https:\/\/przybecki.pl\/en\/"},{"@type":"ListItem","position":2,"name":"Privacy policy"}]},{"@type":"WebSite","@id":"https:\/\/przybecki.pl\/pl\/#website","url":"https:\/\/przybecki.pl\/pl\/","name":"Przybecki & Partners Pozna\u0144","description":"","publisher":{"@id":"https:\/\/przybecki.pl\/pl\/#organization"},"alternateName":"Przybecki & Partners Pozna\u0144","potentialAction":[{"@type":"SearchAction","target":{"@type":"EntryPoint","urlTemplate":"https:\/\/przybecki.pl\/pl\/?s={search_term_string}"},"query-input":{"@type":"PropertyValueSpecification","valueRequired":true,"valueName":"search_term_string"}}],"inLanguage":"en-US"},{"@type":"Organization","@id":"https:\/\/przybecki.pl\/pl\/#organization","name":"Przybecki & Partners Pozna\u0144","url":"https:\/\/przybecki.pl\/pl\/","logo":{"@type":"ImageObject","inLanguage":"en-US","@id":"https:\/\/przybecki.pl\/pl\/#\/schema\/logo\/image\/","url":"https:\/\/przybecki.pl\/wp-content\/uploads\/2023\/01\/przybecki-and-partners.svg","contentUrl":"https:\/\/przybecki.pl\/wp-content\/uploads\/2023\/01\/przybecki-and-partners.svg","caption":"Przybecki & Partners Pozna\u0144"},"image":{"@id":"https:\/\/przybecki.pl\/pl\/#\/schema\/logo\/image\/"}}]}},"_links":{"self":[{"href":"https:\/\/przybecki.pl\/en\/wp-json\/wp\/v2\/pages\/3374","targetHints":{"allow":["GET"]}}],"collection":[{"href":"https:\/\/przybecki.pl\/en\/wp-json\/wp\/v2\/pages"}],"about":[{"href":"https:\/\/przybecki.pl\/en\/wp-json\/wp\/v2\/types\/page"}],"author":[{"embeddable":true,"href":"https:\/\/przybecki.pl\/en\/wp-json\/wp\/v2\/users\/1"}],"replies":[{"embeddable":true,"href":"https:\/\/przybecki.pl\/en\/wp-json\/wp\/v2\/comments?post=3374"}],"version-history":[{"count":3,"href":"https:\/\/przybecki.pl\/en\/wp-json\/wp\/v2\/pages\/3374\/revisions"}],"predecessor-version":[{"id":3462,"href":"https:\/\/przybecki.pl\/en\/wp-json\/wp\/v2\/pages\/3374\/revisions\/3462"}],"wp:attachment":[{"href":"https:\/\/przybecki.pl\/en\/wp-json\/wp\/v2\/media?parent=3374"}],"curies":[{"name":"wp","href":"https:\/\/api.w.org\/{rel}","templated":true}]}}