{"id":273,"date":"2023-02-06T15:23:56","date_gmt":"2023-02-06T14:23:56","guid":{"rendered":"https:\/\/przybecki.pl\/przybecki\/?page_id=266"},"modified":"2026-01-26T11:53:03","modified_gmt":"2026-01-26T10:53:03","slug":"law-firm","status":"publish","type":"page","link":"https:\/\/przybecki.pl\/en\/law-firm\/","title":{"rendered":"Law Firm"},"content":{"rendered":"","protected":false},"excerpt":{"rendered":"<p> [&#8230;]<\/p>\n<p><a class=\"btn btn-secondary understrap-read-more-link\" href=\"https:\/\/przybecki.pl\/en\/law-firm\/\">Read More&#8230;<span class=\"screen-reader-text\"> from Law Firm<\/span><\/a><\/p>\n","protected":false},"author":1,"featured_media":0,"parent":0,"menu_order":0,"comment_status":"closed","ping_status":"closed","template":"about-template.php","meta":{"_acf_changed":false,"footnotes":""},"class_list":["post-273","page","type-page","status-publish","hentry"],"acf":[],"yoast_head":"<!-- This site is optimized with the Yoast SEO plugin v26.7 - https:\/\/yoast.com\/wordpress\/plugins\/seo\/ -->\n<title>Law Firm - Przybecki &amp; Partners<\/title>\n<meta name=\"robots\" content=\"index, follow, max-snippet:-1, max-image-preview:large, max-video-preview:-1\" \/>\n<link rel=\"canonical\" href=\"https:\/\/przybecki.pl\/en\/law-firm\/\" \/>\n<meta property=\"og:locale\" content=\"en_US\" \/>\n<meta property=\"og:type\" content=\"article\" \/>\n<meta property=\"og:title\" content=\"Law Firm - Przybecki &amp; Partners\" \/>\n<meta property=\"og:description\" content=\"[...]Read More... from Law Firm\" \/>\n<meta property=\"og:url\" content=\"https:\/\/przybecki.pl\/en\/law-firm\/\" \/>\n<meta property=\"og:site_name\" content=\"Sp\u00f3\u0142ka partnerska adwokat\u00f3w i radc\u00f3w prawnych\" \/>\n<meta property=\"article:modified_time\" content=\"2026-01-26T10:53:03+00:00\" \/>\n<meta name=\"twitter:card\" content=\"summary_large_image\" \/>\n<script type=\"application\/ld+json\" class=\"yoast-schema-graph\">{\"@context\":\"https:\/\/schema.org\",\"@graph\":[{\"@type\":\"WebPage\",\"@id\":\"https:\/\/przybecki.pl\/en\/law-firm\/\",\"url\":\"https:\/\/przybecki.pl\/en\/law-firm\/\",\"name\":\"Law Firm - Przybecki & Partners\",\"isPartOf\":{\"@id\":\"https:\/\/przybecki.pl\/pl\/#website\"},\"datePublished\":\"2023-02-06T14:23:56+00:00\",\"dateModified\":\"2026-01-26T10:53:03+00:00\",\"breadcrumb\":{\"@id\":\"https:\/\/przybecki.pl\/en\/law-firm\/#breadcrumb\"},\"inLanguage\":\"en-US\",\"potentialAction\":[{\"@type\":\"ReadAction\",\"target\":[\"https:\/\/przybecki.pl\/en\/law-firm\/\"]}]},{\"@type\":\"BreadcrumbList\",\"@id\":\"https:\/\/przybecki.pl\/en\/law-firm\/#breadcrumb\",\"itemListElement\":[{\"@type\":\"ListItem\",\"position\":1,\"name\":\"Strona g\u0142\u00f3wna\",\"item\":\"https:\/\/przybecki.pl\/en\/\"},{\"@type\":\"ListItem\",\"position\":2,\"name\":\"Law Firm\"}]},{\"@type\":\"WebSite\",\"@id\":\"https:\/\/przybecki.pl\/pl\/#website\",\"url\":\"https:\/\/przybecki.pl\/pl\/\",\"name\":\"Przybecki & Partners Pozna\u0144\",\"description\":\"\",\"publisher\":{\"@id\":\"https:\/\/przybecki.pl\/pl\/#organization\"},\"alternateName\":\"Przybecki & Partners Pozna\u0144\",\"potentialAction\":[{\"@type\":\"SearchAction\",\"target\":{\"@type\":\"EntryPoint\",\"urlTemplate\":\"https:\/\/przybecki.pl\/pl\/?s={search_term_string}\"},\"query-input\":{\"@type\":\"PropertyValueSpecification\",\"valueRequired\":true,\"valueName\":\"search_term_string\"}}],\"inLanguage\":\"en-US\"},{\"@type\":\"Organization\",\"@id\":\"https:\/\/przybecki.pl\/pl\/#organization\",\"name\":\"Przybecki & Partners Pozna\u0144\",\"url\":\"https:\/\/przybecki.pl\/pl\/\",\"logo\":{\"@type\":\"ImageObject\",\"inLanguage\":\"en-US\",\"@id\":\"https:\/\/przybecki.pl\/pl\/#\/schema\/logo\/image\/\",\"url\":\"https:\/\/przybecki.pl\/wp-content\/uploads\/2023\/01\/przybecki-and-partners.svg\",\"contentUrl\":\"https:\/\/przybecki.pl\/wp-content\/uploads\/2023\/01\/przybecki-and-partners.svg\",\"caption\":\"Przybecki & Partners Pozna\u0144\"},\"image\":{\"@id\":\"https:\/\/przybecki.pl\/pl\/#\/schema\/logo\/image\/\"}}]}<\/script>\n<!-- \/ Yoast SEO plugin. -->","yoast_head_json":{"title":"Law Firm - Przybecki & Partners","robots":{"index":"index","follow":"follow","max-snippet":"max-snippet:-1","max-image-preview":"max-image-preview:large","max-video-preview":"max-video-preview:-1"},"canonical":"https:\/\/przybecki.pl\/en\/law-firm\/","og_locale":"en_US","og_type":"article","og_title":"Law Firm - Przybecki & Partners","og_description":"[...]Read More... from Law Firm","og_url":"https:\/\/przybecki.pl\/en\/law-firm\/","og_site_name":"Sp\u00f3\u0142ka partnerska adwokat\u00f3w i radc\u00f3w prawnych","article_modified_time":"2026-01-26T10:53:03+00:00","twitter_card":"summary_large_image","schema":{"@context":"https:\/\/schema.org","@graph":[{"@type":"WebPage","@id":"https:\/\/przybecki.pl\/en\/law-firm\/","url":"https:\/\/przybecki.pl\/en\/law-firm\/","name":"Law Firm - Przybecki & Partners","isPartOf":{"@id":"https:\/\/przybecki.pl\/pl\/#website"},"datePublished":"2023-02-06T14:23:56+00:00","dateModified":"2026-01-26T10:53:03+00:00","breadcrumb":{"@id":"https:\/\/przybecki.pl\/en\/law-firm\/#breadcrumb"},"inLanguage":"en-US","potentialAction":[{"@type":"ReadAction","target":["https:\/\/przybecki.pl\/en\/law-firm\/"]}]},{"@type":"BreadcrumbList","@id":"https:\/\/przybecki.pl\/en\/law-firm\/#breadcrumb","itemListElement":[{"@type":"ListItem","position":1,"name":"Strona g\u0142\u00f3wna","item":"https:\/\/przybecki.pl\/en\/"},{"@type":"ListItem","position":2,"name":"Law Firm"}]},{"@type":"WebSite","@id":"https:\/\/przybecki.pl\/pl\/#website","url":"https:\/\/przybecki.pl\/pl\/","name":"Przybecki & Partners Pozna\u0144","description":"","publisher":{"@id":"https:\/\/przybecki.pl\/pl\/#organization"},"alternateName":"Przybecki & Partners Pozna\u0144","potentialAction":[{"@type":"SearchAction","target":{"@type":"EntryPoint","urlTemplate":"https:\/\/przybecki.pl\/pl\/?s={search_term_string}"},"query-input":{"@type":"PropertyValueSpecification","valueRequired":true,"valueName":"search_term_string"}}],"inLanguage":"en-US"},{"@type":"Organization","@id":"https:\/\/przybecki.pl\/pl\/#organization","name":"Przybecki & Partners Pozna\u0144","url":"https:\/\/przybecki.pl\/pl\/","logo":{"@type":"ImageObject","inLanguage":"en-US","@id":"https:\/\/przybecki.pl\/pl\/#\/schema\/logo\/image\/","url":"https:\/\/przybecki.pl\/wp-content\/uploads\/2023\/01\/przybecki-and-partners.svg","contentUrl":"https:\/\/przybecki.pl\/wp-content\/uploads\/2023\/01\/przybecki-and-partners.svg","caption":"Przybecki & Partners Pozna\u0144"},"image":{"@id":"https:\/\/przybecki.pl\/pl\/#\/schema\/logo\/image\/"}}]}},"_links":{"self":[{"href":"https:\/\/przybecki.pl\/en\/wp-json\/wp\/v2\/pages\/273","targetHints":{"allow":["GET"]}}],"collection":[{"href":"https:\/\/przybecki.pl\/en\/wp-json\/wp\/v2\/pages"}],"about":[{"href":"https:\/\/przybecki.pl\/en\/wp-json\/wp\/v2\/types\/page"}],"author":[{"embeddable":true,"href":"https:\/\/przybecki.pl\/en\/wp-json\/wp\/v2\/users\/1"}],"replies":[{"embeddable":true,"href":"https:\/\/przybecki.pl\/en\/wp-json\/wp\/v2\/comments?post=273"}],"version-history":[{"count":44,"href":"https:\/\/przybecki.pl\/en\/wp-json\/wp\/v2\/pages\/273\/revisions"}],"predecessor-version":[{"id":3468,"href":"https:\/\/przybecki.pl\/en\/wp-json\/wp\/v2\/pages\/273\/revisions\/3468"}],"wp:attachment":[{"href":"https:\/\/przybecki.pl\/en\/wp-json\/wp\/v2\/media?parent=273"}],"curies":[{"name":"wp","href":"https:\/\/api.w.org\/{rel}","templated":true}]}}